{"id":138,"date":"2022-04-14T11:51:29","date_gmt":"2022-04-14T14:51:29","guid":{"rendered":"https:\/\/joicerocha.com\/?page_id=138"},"modified":"2024-01-10T19:59:36","modified_gmt":"2024-01-10T22:59:36","slug":"psicoterapia","status":"publish","type":"page","link":"https:\/\/www.joicerocha.com\/index.php\/psicoterapia\/","title":{"rendered":"Psicoterapia online"},"content":{"rendered":"<p>Classicamente a psicoterapia sempre foi realizada em consult\u00f3rios e cl\u00ednicas,<br \/>mas nos \u00faltimos anos tem se provado bastante eficaz e para muitos clientes e<br \/>profissionais mais acess\u00edvel em sua modalidade online.<\/p>\n<p>Atualmente n\u00e3o tenho modo preferido, gosto de atender tanto presencial<br \/>quando remotamente. Por circunst\u00e2ncias da vida e em busca de flexibilidade, no<br \/>momento estou atendendo exclusivamente online.<\/p>\n<p>De todo modo, a psicoterapia \u00e9 um encontro consigo mesmo, com sua hist\u00f3ria,<br \/>suas ra\u00edzes. Se desenvolve numa rela\u00e7\u00e3o especial entre cliente e psicoterapeuta,<br \/>e a cada sess\u00e3o alguns temas s\u00e3o explorados para treinar e fortalecer o<br \/>autoconhecimento, a comunica\u00e7\u00e3o, o contato emocional e subjetivo.<\/p>\n<p><!-- \/wp:post-content --><!-- wp:paragraph --><\/p>\n<p>Em sigilo, se fala em voz alta dos pensamentos e emo\u00e7\u00f5es que passeiam por<br \/>dentro de si. Os tormentos e pensamentos ruins s\u00e3o compartilhados, ouvidos e<br \/>ganham contornos menos assustadores. As solu\u00e7\u00f5es ganham clareza e podem se tornar<br \/>planos ating\u00edveis.<\/p>\n<p><!-- \/wp:paragraph --><!-- wp:paragraph --><\/p>\n<p>O que parecia n\u00e3o ter jeito, aos poucos d\u00e1 espa\u00e7o para a criatividade e<br \/>solu\u00e7\u00e3o de problemas.<\/p>\n<p>Presencial ou online, a psicoterapia \u00e9 um conjunto de encontros especiais do<br \/>cliente com a for\u00e7a de sua hist\u00f3ria.<\/p>\n<p><!-- \/wp:paragraph --><\/p>\n\n<!-- wp:social-links -->\n<ul class=\"wp-block-social-links\"><!-- wp:social-link {\"url\":\"https:\/\/wa.me\/5541999258561\",\"service\":\"whatsapp\"} \/--><\/ul>\n<!-- \/wp:social-links -->","protected":false},"excerpt":{"rendered":"<p>Classicamente a psicoterapia sempre foi realizada em consult\u00f3rios e cl\u00ednicas,mas nos \u00faltimos anos tem se provado bastante eficaz e para muitos clientes eprofissionais mais acess\u00edvel em sua modalidade online. Atualmente n\u00e3o tenho modo preferido, gosto de atender tanto presencialquando remotamente. Por circunst\u00e2ncias da vida e em busca de flexibilidade, nomomento estou atendendo exclusivamente online. De &hellip; <\/p>\n<p class=\"link-more\"><a href=\"https:\/\/www.joicerocha.com\/index.php\/psicoterapia\/\" class=\"more-link\">Continue lendo<span class=\"screen-reader-text\"> &#8220;Psicoterapia online&#8221;<\/span><\/a><\/p>\n","protected":false},"author":1,"featured_media":0,"parent":0,"menu_order":0,"comment_status":"closed","ping_status":"closed","template":"","meta":{"footnotes":""},"class_list":["post-138","page","type-page","status-publish","hentry"],"yoast_head":"<!-- This site is optimized with the Yoast SEO plugin v27.5 - https:\/\/yoast.com\/product\/yoast-seo-wordpress\/ -->\n<title>Psicoterapia online - Joice Goveia da Rocha<\/title>\n<meta name=\"robots\" content=\"index, follow, max-snippet:-1, max-image-preview:large, max-video-preview:-1\" \/>\n<link rel=\"canonical\" href=\"https:\/\/www.joicerocha.com\/index.php\/psicoterapia\/\" \/>\n<meta property=\"og:locale\" content=\"pt_BR\" \/>\n<meta property=\"og:type\" content=\"article\" \/>\n<meta property=\"og:title\" content=\"Psicoterapia online - Joice Goveia da Rocha\" \/>\n<meta property=\"og:description\" content=\"Classicamente a psicoterapia sempre foi realizada em consult\u00f3rios e cl\u00ednicas,mas nos \u00faltimos anos tem se provado bastante eficaz e para muitos clientes eprofissionais mais acess\u00edvel em sua modalidade online. Atualmente n\u00e3o tenho modo preferido, gosto de atender tanto presencialquando remotamente. Por circunst\u00e2ncias da vida e em busca de flexibilidade, nomomento estou atendendo exclusivamente online. De &hellip; Continue lendo &quot;Psicoterapia online&quot;\" \/>\n<meta property=\"og:url\" content=\"https:\/\/www.joicerocha.com\/index.php\/psicoterapia\/\" \/>\n<meta property=\"og:site_name\" content=\"Joice Goveia da Rocha\" \/>\n<meta property=\"article:modified_time\" content=\"2024-01-10T22:59:36+00:00\" \/>\n<meta name=\"twitter:card\" content=\"summary_large_image\" \/>\n<meta name=\"twitter:label1\" content=\"Est. tempo de leitura\" \/>\n\t<meta name=\"twitter:data1\" content=\"1 minuto\" \/>\n<script type=\"application\/ld+json\" class=\"yoast-schema-graph\">{\"@context\":\"https:\\\/\\\/schema.org\",\"@graph\":[{\"@type\":\"WebPage\",\"@id\":\"https:\\\/\\\/www.joicerocha.com\\\/index.php\\\/psicoterapia\\\/\",\"url\":\"https:\\\/\\\/www.joicerocha.com\\\/index.php\\\/psicoterapia\\\/\",\"name\":\"Psicoterapia online - Joice Goveia da Rocha\",\"isPartOf\":{\"@id\":\"https:\\\/\\\/www.joicerocha.com\\\/#website\"},\"datePublished\":\"2022-04-14T14:51:29+00:00\",\"dateModified\":\"2024-01-10T22:59:36+00:00\",\"breadcrumb\":{\"@id\":\"https:\\\/\\\/www.joicerocha.com\\\/index.php\\\/psicoterapia\\\/#breadcrumb\"},\"inLanguage\":\"pt-BR\",\"potentialAction\":[{\"@type\":\"ReadAction\",\"target\":[\"https:\\\/\\\/www.joicerocha.com\\\/index.php\\\/psicoterapia\\\/\"]}]},{\"@type\":\"BreadcrumbList\",\"@id\":\"https:\\\/\\\/www.joicerocha.com\\\/index.php\\\/psicoterapia\\\/#breadcrumb\",\"itemListElement\":[{\"@type\":\"ListItem\",\"position\":1,\"name\":\"In\u00edcio\",\"item\":\"https:\\\/\\\/www.joicerocha.com\\\/\"},{\"@type\":\"ListItem\",\"position\":2,\"name\":\"Psicoterapia online\"}]},{\"@type\":\"WebSite\",\"@id\":\"https:\\\/\\\/www.joicerocha.com\\\/#website\",\"url\":\"https:\\\/\\\/www.joicerocha.com\\\/\",\"name\":\"Joice Goveia da Rocha\",\"description\":\"Psicologia Cl\u00ednica\",\"potentialAction\":[{\"@type\":\"SearchAction\",\"target\":{\"@type\":\"EntryPoint\",\"urlTemplate\":\"https:\\\/\\\/www.joicerocha.com\\\/?s={search_term_string}\"},\"query-input\":{\"@type\":\"PropertyValueSpecification\",\"valueRequired\":true,\"valueName\":\"search_term_string\"}}],\"inLanguage\":\"pt-BR\"}]}<\/script>\n<!-- \/ Yoast SEO plugin. -->","yoast_head_json":{"title":"Psicoterapia online - Joice Goveia da Rocha","robots":{"index":"index","follow":"follow","max-snippet":"max-snippet:-1","max-image-preview":"max-image-preview:large","max-video-preview":"max-video-preview:-1"},"canonical":"https:\/\/www.joicerocha.com\/index.php\/psicoterapia\/","og_locale":"pt_BR","og_type":"article","og_title":"Psicoterapia online - Joice Goveia da Rocha","og_description":"Classicamente a psicoterapia sempre foi realizada em consult\u00f3rios e cl\u00ednicas,mas nos \u00faltimos anos tem se provado bastante eficaz e para muitos clientes eprofissionais mais acess\u00edvel em sua modalidade online. Atualmente n\u00e3o tenho modo preferido, gosto de atender tanto presencialquando remotamente. Por circunst\u00e2ncias da vida e em busca de flexibilidade, nomomento estou atendendo exclusivamente online. De &hellip; Continue lendo \"Psicoterapia online\"","og_url":"https:\/\/www.joicerocha.com\/index.php\/psicoterapia\/","og_site_name":"Joice Goveia da Rocha","article_modified_time":"2024-01-10T22:59:36+00:00","twitter_card":"summary_large_image","twitter_misc":{"Est. tempo de leitura":"1 minuto"},"schema":{"@context":"https:\/\/schema.org","@graph":[{"@type":"WebPage","@id":"https:\/\/www.joicerocha.com\/index.php\/psicoterapia\/","url":"https:\/\/www.joicerocha.com\/index.php\/psicoterapia\/","name":"Psicoterapia online - Joice Goveia da Rocha","isPartOf":{"@id":"https:\/\/www.joicerocha.com\/#website"},"datePublished":"2022-04-14T14:51:29+00:00","dateModified":"2024-01-10T22:59:36+00:00","breadcrumb":{"@id":"https:\/\/www.joicerocha.com\/index.php\/psicoterapia\/#breadcrumb"},"inLanguage":"pt-BR","potentialAction":[{"@type":"ReadAction","target":["https:\/\/www.joicerocha.com\/index.php\/psicoterapia\/"]}]},{"@type":"BreadcrumbList","@id":"https:\/\/www.joicerocha.com\/index.php\/psicoterapia\/#breadcrumb","itemListElement":[{"@type":"ListItem","position":1,"name":"In\u00edcio","item":"https:\/\/www.joicerocha.com\/"},{"@type":"ListItem","position":2,"name":"Psicoterapia online"}]},{"@type":"WebSite","@id":"https:\/\/www.joicerocha.com\/#website","url":"https:\/\/www.joicerocha.com\/","name":"Joice Goveia da Rocha","description":"Psicologia Cl\u00ednica","potentialAction":[{"@type":"SearchAction","target":{"@type":"EntryPoint","urlTemplate":"https:\/\/www.joicerocha.com\/?s={search_term_string}"},"query-input":{"@type":"PropertyValueSpecification","valueRequired":true,"valueName":"search_term_string"}}],"inLanguage":"pt-BR"}]}},"_links":{"self":[{"href":"https:\/\/www.joicerocha.com\/index.php\/wp-json\/wp\/v2\/pages\/138","targetHints":{"allow":["GET"]}}],"collection":[{"href":"https:\/\/www.joicerocha.com\/index.php\/wp-json\/wp\/v2\/pages"}],"about":[{"href":"https:\/\/www.joicerocha.com\/index.php\/wp-json\/wp\/v2\/types\/page"}],"author":[{"embeddable":true,"href":"https:\/\/www.joicerocha.com\/index.php\/wp-json\/wp\/v2\/users\/1"}],"replies":[{"embeddable":true,"href":"https:\/\/www.joicerocha.com\/index.php\/wp-json\/wp\/v2\/comments?post=138"}],"version-history":[{"count":1,"href":"https:\/\/www.joicerocha.com\/index.php\/wp-json\/wp\/v2\/pages\/138\/revisions"}],"predecessor-version":[{"id":467,"href":"https:\/\/www.joicerocha.com\/index.php\/wp-json\/wp\/v2\/pages\/138\/revisions\/467"}],"wp:attachment":[{"href":"https:\/\/www.joicerocha.com\/index.php\/wp-json\/wp\/v2\/media?parent=138"}],"curies":[{"name":"wp","href":"https:\/\/api.w.org\/{rel}","templated":true}]}}