{"id":468,"date":"2024-01-10T20:03:03","date_gmt":"2024-01-10T23:03:03","guid":{"rendered":"https:\/\/www.joicerocha.com\/?page_id=468"},"modified":"2024-01-10T20:03:05","modified_gmt":"2024-01-10T23:03:05","slug":"psicoterapia-de-casal","status":"publish","type":"page","link":"https:\/\/www.joicerocha.com\/index.php\/psicoterapia-de-casal\/","title":{"rendered":"Psicoterapia de casal"},"content":{"rendered":"<p>Participar em psicoterapia de casal pode parece ser algo assustador ou<br \/>cansativo para muita gente. N\u00e3o sei se cai numa ideia de que as sess\u00f5es ser\u00e3o<br \/>de \u201cDRs\u201d chatas e enfadonhas, pelas quais ainda \u00e9 preciso pagar. Pior ainda se<br \/>adicionar a ideia de que ser\u00e1 um julgamento de quem est\u00e1 certo ou errado.<\/p>\n<p><!-- \/wp:post-content --><!-- wp:paragraph --><\/p>\n<p>Gosto de convidar a pensar a psicoterapia de casal como uma nova chance ao<br \/>amor, um tempo especial para reconhecer o estado de sa\u00fade da proximidade, da<br \/>receptividade, do cuidado m\u00fatuo e do desejo.<\/p>\n<p><!-- \/wp:paragraph --><!-- wp:paragraph --><\/p>\n<p>\u00c9 uma forma de carregar junto a miss\u00e3o de \u201cajeitar a rela\u00e7\u00e3o\u201d, renovar a<br \/>conviv\u00eancia, assimilar as mudan\u00e7as que a vida provocou ao longo do tempo que<br \/>est\u00e3o juntos e se lan\u00e7ar ao rumo mais proveitoso.<\/p>\n<p><!-- \/wp:paragraph --><!-- wp:paragraph --><\/p>\n<p>A psicoterapia de casal auxilia a planejar em companhia, considerando as<br \/>ideias, valores e sentimentos de cada um e do que t\u00eam em comum.<\/p>\n<p><!-- \/wp:paragraph --><!-- wp:paragraph --><\/p>\n<p>Acolhe as dores e feridas que invariavelmente causamos e sofremos. Prop\u00f5e<br \/>organizar o caos das diferen\u00e7as, inseguran\u00e7as e ci\u00fames, provoca a estar<br \/>intencionalmente presente um ao outro.<\/p>\n<p><!-- \/wp:paragraph --><!-- wp:paragraph --><\/p>\n<p>Muitos casais est\u00e3o presos \u00e0s narrativas de expectativas individuais (muitas<br \/>vezes frustradas) e passam a se ver e agir como incompat\u00edveis, cheios de<br \/>impasses insol\u00faveis.<\/p>\n<p><!-- \/wp:paragraph --><!-- wp:paragraph --><\/p>\n<p>Psicoterapia de casal \u00e9 um convite para reler o contrato impl\u00edcito da<br \/>rela\u00e7\u00e3o e atualizar suas cl\u00e1usulas, celebrando os \u00eaxitos e desafios de sua<br \/>hist\u00f3ria, criando perspectivas e desenvolvendo resili\u00eancia.<\/p>\n<p><!-- \/wp:paragraph --><\/p>\n\n<!-- wp:social-links -->\n<ul class=\"wp-block-social-links\"><!-- wp:social-link {\"url\":\"https:\/\/wa.me\/5541999258561\",\"service\":\"whatsapp\"} \/--><\/ul>\n<!-- \/wp:social-links -->","protected":false},"excerpt":{"rendered":"<p>Participar em psicoterapia de casal pode parece ser algo assustador oucansativo para muita gente. N\u00e3o sei se cai numa ideia de que as sess\u00f5es ser\u00e3ode \u201cDRs\u201d chatas e enfadonhas, pelas quais ainda \u00e9 preciso pagar. Pior ainda seadicionar a ideia de que ser\u00e1 um julgamento de quem est\u00e1 certo ou errado. Gosto de convidar a &hellip; <\/p>\n<p class=\"link-more\"><a href=\"https:\/\/www.joicerocha.com\/index.php\/psicoterapia-de-casal\/\" class=\"more-link\">Continue lendo<span class=\"screen-reader-text\"> &#8220;Psicoterapia de casal&#8221;<\/span><\/a><\/p>\n","protected":false},"author":1,"featured_media":0,"parent":0,"menu_order":0,"comment_status":"closed","ping_status":"closed","template":"","meta":{"footnotes":""},"class_list":["post-468","page","type-page","status-publish","hentry"],"yoast_head":"<!-- This site is optimized with the Yoast SEO plugin v27.5 - https:\/\/yoast.com\/product\/yoast-seo-wordpress\/ -->\n<title>Psicoterapia de casal - Joice Goveia da Rocha<\/title>\n<meta name=\"robots\" content=\"index, follow, max-snippet:-1, max-image-preview:large, max-video-preview:-1\" \/>\n<link rel=\"canonical\" href=\"https:\/\/www.joicerocha.com\/index.php\/psicoterapia-de-casal\/\" \/>\n<meta property=\"og:locale\" content=\"pt_BR\" \/>\n<meta property=\"og:type\" content=\"article\" \/>\n<meta property=\"og:title\" content=\"Psicoterapia de casal - Joice Goveia da Rocha\" \/>\n<meta property=\"og:description\" content=\"Participar em psicoterapia de casal pode parece ser algo assustador oucansativo para muita gente. N\u00e3o sei se cai numa ideia de que as sess\u00f5es ser\u00e3ode \u201cDRs\u201d chatas e enfadonhas, pelas quais ainda \u00e9 preciso pagar. Pior ainda seadicionar a ideia de que ser\u00e1 um julgamento de quem est\u00e1 certo ou errado. Gosto de convidar a &hellip; Continue lendo &quot;Psicoterapia de casal&quot;\" \/>\n<meta property=\"og:url\" content=\"https:\/\/www.joicerocha.com\/index.php\/psicoterapia-de-casal\/\" \/>\n<meta property=\"og:site_name\" content=\"Joice Goveia da Rocha\" \/>\n<meta property=\"article:modified_time\" content=\"2024-01-10T23:03:05+00:00\" \/>\n<meta name=\"twitter:card\" content=\"summary_large_image\" \/>\n<meta name=\"twitter:label1\" content=\"Est. tempo de leitura\" \/>\n\t<meta name=\"twitter:data1\" content=\"2 minutos\" \/>\n<script type=\"application\/ld+json\" class=\"yoast-schema-graph\">{\"@context\":\"https:\\\/\\\/schema.org\",\"@graph\":[{\"@type\":\"WebPage\",\"@id\":\"https:\\\/\\\/www.joicerocha.com\\\/index.php\\\/psicoterapia-de-casal\\\/\",\"url\":\"https:\\\/\\\/www.joicerocha.com\\\/index.php\\\/psicoterapia-de-casal\\\/\",\"name\":\"Psicoterapia de casal - Joice Goveia da Rocha\",\"isPartOf\":{\"@id\":\"https:\\\/\\\/www.joicerocha.com\\\/#website\"},\"datePublished\":\"2024-01-10T23:03:03+00:00\",\"dateModified\":\"2024-01-10T23:03:05+00:00\",\"breadcrumb\":{\"@id\":\"https:\\\/\\\/www.joicerocha.com\\\/index.php\\\/psicoterapia-de-casal\\\/#breadcrumb\"},\"inLanguage\":\"pt-BR\",\"potentialAction\":[{\"@type\":\"ReadAction\",\"target\":[\"https:\\\/\\\/www.joicerocha.com\\\/index.php\\\/psicoterapia-de-casal\\\/\"]}]},{\"@type\":\"BreadcrumbList\",\"@id\":\"https:\\\/\\\/www.joicerocha.com\\\/index.php\\\/psicoterapia-de-casal\\\/#breadcrumb\",\"itemListElement\":[{\"@type\":\"ListItem\",\"position\":1,\"name\":\"In\u00edcio\",\"item\":\"https:\\\/\\\/www.joicerocha.com\\\/\"},{\"@type\":\"ListItem\",\"position\":2,\"name\":\"Psicoterapia de casal\"}]},{\"@type\":\"WebSite\",\"@id\":\"https:\\\/\\\/www.joicerocha.com\\\/#website\",\"url\":\"https:\\\/\\\/www.joicerocha.com\\\/\",\"name\":\"Joice Goveia da Rocha\",\"description\":\"Psicologia Cl\u00ednica\",\"potentialAction\":[{\"@type\":\"SearchAction\",\"target\":{\"@type\":\"EntryPoint\",\"urlTemplate\":\"https:\\\/\\\/www.joicerocha.com\\\/?s={search_term_string}\"},\"query-input\":{\"@type\":\"PropertyValueSpecification\",\"valueRequired\":true,\"valueName\":\"search_term_string\"}}],\"inLanguage\":\"pt-BR\"}]}<\/script>\n<!-- \/ Yoast SEO plugin. -->","yoast_head_json":{"title":"Psicoterapia de casal - Joice Goveia da Rocha","robots":{"index":"index","follow":"follow","max-snippet":"max-snippet:-1","max-image-preview":"max-image-preview:large","max-video-preview":"max-video-preview:-1"},"canonical":"https:\/\/www.joicerocha.com\/index.php\/psicoterapia-de-casal\/","og_locale":"pt_BR","og_type":"article","og_title":"Psicoterapia de casal - Joice Goveia da Rocha","og_description":"Participar em psicoterapia de casal pode parece ser algo assustador oucansativo para muita gente. N\u00e3o sei se cai numa ideia de que as sess\u00f5es ser\u00e3ode \u201cDRs\u201d chatas e enfadonhas, pelas quais ainda \u00e9 preciso pagar. Pior ainda seadicionar a ideia de que ser\u00e1 um julgamento de quem est\u00e1 certo ou errado. Gosto de convidar a &hellip; Continue lendo \"Psicoterapia de casal\"","og_url":"https:\/\/www.joicerocha.com\/index.php\/psicoterapia-de-casal\/","og_site_name":"Joice Goveia da Rocha","article_modified_time":"2024-01-10T23:03:05+00:00","twitter_card":"summary_large_image","twitter_misc":{"Est. tempo de leitura":"2 minutos"},"schema":{"@context":"https:\/\/schema.org","@graph":[{"@type":"WebPage","@id":"https:\/\/www.joicerocha.com\/index.php\/psicoterapia-de-casal\/","url":"https:\/\/www.joicerocha.com\/index.php\/psicoterapia-de-casal\/","name":"Psicoterapia de casal - Joice Goveia da Rocha","isPartOf":{"@id":"https:\/\/www.joicerocha.com\/#website"},"datePublished":"2024-01-10T23:03:03+00:00","dateModified":"2024-01-10T23:03:05+00:00","breadcrumb":{"@id":"https:\/\/www.joicerocha.com\/index.php\/psicoterapia-de-casal\/#breadcrumb"},"inLanguage":"pt-BR","potentialAction":[{"@type":"ReadAction","target":["https:\/\/www.joicerocha.com\/index.php\/psicoterapia-de-casal\/"]}]},{"@type":"BreadcrumbList","@id":"https:\/\/www.joicerocha.com\/index.php\/psicoterapia-de-casal\/#breadcrumb","itemListElement":[{"@type":"ListItem","position":1,"name":"In\u00edcio","item":"https:\/\/www.joicerocha.com\/"},{"@type":"ListItem","position":2,"name":"Psicoterapia de casal"}]},{"@type":"WebSite","@id":"https:\/\/www.joicerocha.com\/#website","url":"https:\/\/www.joicerocha.com\/","name":"Joice Goveia da Rocha","description":"Psicologia Cl\u00ednica","potentialAction":[{"@type":"SearchAction","target":{"@type":"EntryPoint","urlTemplate":"https:\/\/www.joicerocha.com\/?s={search_term_string}"},"query-input":{"@type":"PropertyValueSpecification","valueRequired":true,"valueName":"search_term_string"}}],"inLanguage":"pt-BR"}]}},"_links":{"self":[{"href":"https:\/\/www.joicerocha.com\/index.php\/wp-json\/wp\/v2\/pages\/468","targetHints":{"allow":["GET"]}}],"collection":[{"href":"https:\/\/www.joicerocha.com\/index.php\/wp-json\/wp\/v2\/pages"}],"about":[{"href":"https:\/\/www.joicerocha.com\/index.php\/wp-json\/wp\/v2\/types\/page"}],"author":[{"embeddable":true,"href":"https:\/\/www.joicerocha.com\/index.php\/wp-json\/wp\/v2\/users\/1"}],"replies":[{"embeddable":true,"href":"https:\/\/www.joicerocha.com\/index.php\/wp-json\/wp\/v2\/comments?post=468"}],"version-history":[{"count":1,"href":"https:\/\/www.joicerocha.com\/index.php\/wp-json\/wp\/v2\/pages\/468\/revisions"}],"predecessor-version":[{"id":470,"href":"https:\/\/www.joicerocha.com\/index.php\/wp-json\/wp\/v2\/pages\/468\/revisions\/470"}],"wp:attachment":[{"href":"https:\/\/www.joicerocha.com\/index.php\/wp-json\/wp\/v2\/media?parent=468"}],"curies":[{"name":"wp","href":"https:\/\/api.w.org\/{rel}","templated":true}]}}